{"id":11,"date":"2019-01-08T16:02:18","date_gmt":"2019-01-08T16:02:18","guid":{"rendered":"http:\/\/wps-tauchen.com\/?page_id=11"},"modified":"2019-01-22T21:17:17","modified_gmt":"2019-01-22T20:17:17","slug":"unser-verein","status":"publish","type":"page","link":"https:\/\/www.wps-tauchen.de\/?page_id=11","title":{"rendered":"Unser Verein"},"content":{"rendered":"\n<p><strong>Wir<\/strong>, die&nbsp;<em>Westallg\u00e4uer Pressluftschnapper<\/em>, ein bunter Haufen, die dem Tauchsport verfallen sind, gibt es schon seit einigen Jahren. Mehr oder weniger durch Zufall haben wir uns kennen gelernt und uns zu einem selbsternannten Verein zusammengeschlossen. Zu einem netten Beisammensein treffen wir uns auch einmal im Monat zum Taucherstammtisch. Hier werden Urlaubserfahrungen und -bilder ausgetauscht, gemeinsame Tauch- oder auch andere Ausfl\u00fcge geplant, oder einfach gem\u00fctlich zusammen gesessen. Im Laufe der Zeit haben sich immer mehr Tauchbegeisterte zusammengefunden und hatten zuletzt 26 Namen auf unserer Liste. Deshalb kamen wir auf die Idee, einen ordentlichen Verein zu gr\u00fcnden.<\/p>\n\n\n\n<p>Hauptgrund des Gedankens war der Einsatz des Kompressors, oder die Organisation der Ausfl\u00fcge, bzw. dessen Haftung.<\/p>\n\n\n\n<p>Wir hatten am 5. Dezember 1999 ein Treffen im kleinen Kreis um ein Konzept auszuarbeiten. Am 11. Dezember 1999 konnten wir es den anderen Tauchern auch vorstellen. Der kleine Kreis bestand aus Hubert + Christina Kirchmann, Anja Beyer, Paul N\u00e4gele, Michl + Moni Vogler.<\/p>\n\n\n\n<p>Die eigentliche Gr\u00fcndungsversammlung fand dann am 13. Mai 2000 statt. Wir starteten mit 20 Gr\u00fcndungsmitgliedern. Inzwischen besteht unser Verein aus 38 Mitgliedern.<\/p>\n\n\n\n<h2 class=\"wp-block-heading\"> <br>Chronik Westallg\u00e4uer Pressluftschnapper e.V. <\/h2>\n\n\n\n<table class=\"wp-block-table is-style-regular\"><tbody><tr><td><strong>05.12.1999<\/strong><br>Idee zur Vereinsgr\u00fcndung<br>Erstellung eines Konzepts mit einer kleinen Gruppe von 7 Personen<\/td><\/tr><tr><td><strong>13.05.2000<\/strong><br><em>Gr\u00fcndungsversammlung im Gasthaus Adler in Harratried\/R\u00f6thenbach<\/em><br>29 Mitglieder zum Start<br>Vorsitzender Hubert Kirchmann<br>stellv. Vorsitzender Michael Vogler<br>Kassiererin Anja Beyer<br>Schriftf\u00fchrerin Monika Vogler<br>Vertrauensmann Paul N\u00e4gele<br>Ausbildungsleiterin Christina Kirchmann <\/td><\/tr><tr><td><strong>26. &#8211; 28.05.2000<\/strong><br>Er\u00f6ffnungsausflug an den Fernsteinsee<br><\/td><\/tr><tr><td><strong>24.07.2000<\/strong><br>Eintragung in Vereinsregister<br><\/td><\/tr><tr><td><strong>09. &#8211; 11.02.2001<\/strong><br>Skiwochenende in der Moosbachalm am Gr\u00fcnten<br><\/td><\/tr><tr><td><strong>20. &#8211; 27.04.2002<\/strong><br>Tauchurlaub auf der Insel Krk \/ Kroatien<\/td><\/tr><tr><td><strong>08. &#8211; 22.10.2002<\/strong><br>Tauchurlaub in Safaga \/ \u00c4gypten<\/td><\/tr><tr><td><strong>16.02.2003<\/strong><br>Besuch der Druckkammer in \u00dcberlingen<\/td><\/tr><tr><td><strong>10.04.2003<\/strong><br>Hochzeit unseres Mitglieds Bernd und Lilli<\/td><\/tr><tr><td><strong>27.04.2003<\/strong><br>Hochseilgarten in Scheidegg<br><\/td><\/tr><tr><td> <strong>14.02.2004<\/strong><br>Rodeln am Imberg<\/td><\/tr><tr><td><strong>09. &#8211; 30.10.2004<\/strong><br>Tauchkreuzfahrt auf der \u201eNumber One\u201c im Roten Meer; 14t\u00e4gige S\u00fcdtour in \u00c4gypten; einw\u00f6chiger Anschlussaufenthalt im Hotel in El Quesier<br><\/td><\/tr><tr><td><strong>16. &#8211; 23.04.2005<\/strong><br>Tauchurlaub auf der Insel Krk \/ Kroatien mit eint\u00e4gigem Besuch in den Plitvicer Seen<\/td><\/tr><tr><td><strong>30. &#8211; 31.07.2005<\/strong><br>Ausflug zu den Bergseen des Engadin u. a. h\u00f6chster See Lej Veduta am Julierpass auf 2284 m \u00fc. M.<br><\/td><\/tr><tr><td><strong>06.02.2006<\/strong><br>Flutlicht \u2013 Skifahren in Hopfen<\/td><\/tr><tr><td><strong>18.03. &#8211; 08.04.2006<\/strong><br>Tauchurlaub in Malaysia<br>2 Wochen auf der Insel \u201eLayang Layang\u201c<br>1 Woche auf der Insel \u201eMabul\u201c<\/td><\/tr><tr><td><strong>12. &#8211; 13.05.2006<\/strong><br>Wochenende in der Schweiz Zuger See, Vierwaldst\u00e4tter See, Z\u00fcrichsee<\/td><\/tr><tr><td><strong>04.11.2006<\/strong><br>Hochzeit unseres Mitglieds Robert und Alex<br><\/td><\/tr><tr><td><strong>14.04.2007<\/strong><br>Klettergarten B\u00e4renfalle bei Immenstadt<\/td><\/tr><tr><td><strong>01.07.2007<\/strong><br>Besuch im \u201eSea Life Center\u201c in Konstanz<br><\/td><\/tr><tr><td><strong>20.09.2008<\/strong><br>Hochzeit unseres Mitglieds Anja und Werner<br>Hochzeit unseres Mitglieds Sabrina und Robert<\/td><\/tr><tr><td><strong>19.10.2008<\/strong><br>Relaxtauchen speziell f\u00fcr Wenigtaucher \/ Wiedereinsteiger<\/td><\/tr><tr><td><strong>21.11.2008<\/strong><br>Hochzeit unseres Mitglieds Franz und Katja<\/td><\/tr><tr><td><strong>01. &#8211; 03.05.2009<\/strong><br>Wochenende in der Schweiz am Thuner See<br><\/td><\/tr><tr><td><strong>25.09. &#8211; 01.10.2009<\/strong><br>Verl\u00e4ngertes Wochenende am Millst\u00e4tter See in K\u00e4rnten\/\u00d6sterreich<\/td><\/tr><tr><td><strong>20.01.2010<\/strong><br>Flutlicht \u2013 Skifahren in Hopfen<\/td><\/tr><tr><td><strong>13.05.2010<\/strong><br>10 Jahre Westallg\u00e4uer Pressluftschnapper e. V.<\/td><\/tr><\/tbody><\/table>\n\n\n\n<h4 class=\"wp-block-heading\">Immer wieder:<\/h4>\n\n\n\n<ul class=\"wp-block-list\"><li>Wochenenden am Attersee im Salzkammergut<\/li><li>Tagesausfl\u00fcge an den Bodensee, Haldensee, Blindsee, Urisee, Plansee, Walensee, Walchensee<\/li><li>monatliche Stammtische<\/li><li>Schnuppertauchen<\/li><li>\u00dcbungstauchen f\u00fcr Wenigtaucher und Wiedereinsteiger<\/li><li>Grillfest  <\/li><\/ul>\n","protected":false},"excerpt":{"rendered":"<p>Wir, die&nbsp;Westallg\u00e4uer Pressluftschnapper, ein bunter Haufen, die dem Tauchsport verfallen sind, gibt es schon seit einigen Jahren. Mehr oder weniger durch Zufall haben wir uns kennen gelernt und uns zu &hellip; <\/p>\n<p class=\"link-more\"><a href=\"https:\/\/www.wps-tauchen.de\/?page_id=11\" class=\"more-link\"><span class=\"screen-reader-text\">\u201eUnser Verein\u201c <\/span>weiterlesen<\/a><\/p>\n","protected":false},"author":1,"featured_media":0,"parent":0,"menu_order":0,"comment_status":"closed","ping_status":"closed","template":"","meta":{"ngg_post_thumbnail":0,"footnotes":""},"class_list":["post-11","page","type-page","status-publish","hentry"],"_links":{"self":[{"href":"https:\/\/www.wps-tauchen.de\/index.php?rest_route=\/wp\/v2\/pages\/11","targetHints":{"allow":["GET"]}}],"collection":[{"href":"https:\/\/www.wps-tauchen.de\/index.php?rest_route=\/wp\/v2\/pages"}],"about":[{"href":"https:\/\/www.wps-tauchen.de\/index.php?rest_route=\/wp\/v2\/types\/page"}],"author":[{"embeddable":true,"href":"https:\/\/www.wps-tauchen.de\/index.php?rest_route=\/wp\/v2\/users\/1"}],"replies":[{"embeddable":true,"href":"https:\/\/www.wps-tauchen.de\/index.php?rest_route=%2Fwp%2Fv2%2Fcomments&post=11"}],"version-history":[{"count":6,"href":"https:\/\/www.wps-tauchen.de\/index.php?rest_route=\/wp\/v2\/pages\/11\/revisions"}],"predecessor-version":[{"id":379,"href":"https:\/\/www.wps-tauchen.de\/index.php?rest_route=\/wp\/v2\/pages\/11\/revisions\/379"}],"wp:attachment":[{"href":"https:\/\/www.wps-tauchen.de\/index.php?rest_route=%2Fwp%2Fv2%2Fmedia&parent=11"}],"curies":[{"name":"wp","href":"https:\/\/api.w.org\/{rel}","templated":true}]}}