{"id":201,"date":"2019-01-09T17:34:03","date_gmt":"2019-01-09T17:34:03","guid":{"rendered":"http:\/\/wps-tauchen.com\/?page_id=201"},"modified":"2025-12-15T09:14:25","modified_gmt":"2025-12-15T08:14:25","slug":"stammtischtermine","status":"publish","type":"page","link":"https:\/\/www.wps-tauchen.de\/?page_id=201","title":{"rendered":"Stammtischtermine"},"content":{"rendered":"\n<figure class=\"wp-block-table\"><table><tbody><tr><td>Um die Reservierung der Pl\u00e4tze zu gew\u00e4hrleisten und gut planen zu k\u00f6nnen, bitte wir darum, euch 7 Tage vorher zu unseren Stammtischen anzumelden. Gerne \u00fcber die WhatsApp-Gruppe &#8222;WPS&#8220; oder direkt bei Niki<br><br><\/td><\/tr><\/tbody><\/table><figcaption class=\"wp-element-caption\"><br>Es muss jeweils kurzfristig gepr\u00fcft werden, ob ein zusammenkommen m\u00f6glich ist.<br>Deswegen bitte unbedingt zum Stammtisch anmelden.<\/figcaption><\/figure>\n\n\n\n<figure class=\"wp-block-table\"><table><tbody><tr><td><strong>Achtung: Stammtisch ab 19.00 Uhr<\/strong><\/td><td><\/td><\/tr><tr><td><strong>10.01.2026<\/strong><\/td><td><strong>Hirschen, Heimenkirch <br>(Generalversammlung)<\/strong><\/td><\/tr><tr><td>14.02.2026<\/td><td>Krone, Simmerberg<\/td><\/tr><tr><td>14.03.2026<\/td><td>Bayrischer Wirth,<br>Isny &#8211; Schweinebach<\/td><\/tr><tr><td>11.04.2026<\/td><td>Linde, Weiler<\/td><\/tr><tr><td>9.05.2026<\/td><td>Post, R\u00f6thenbach<\/td><\/tr><tr><td>13.06.2026<\/td><td>Postkutsche, Scheidegg<\/td><\/tr><tr><td>11.07.2026<\/td><td>Grillfest, Freibad R\u00f6thenbach<\/td><\/tr><tr><td>08.08.2026<\/td><td>Hirschen, Irsengund<\/td><\/tr><tr><td>12.09.2026<\/td><td>Drachen, Lindenberg<\/td><\/tr><tr><td>10.10.2026<\/td><td>Rose, Eglofs<\/td><\/tr><tr><td>14.11.2026<\/td><td>Taverna Kreta, Lindenberg<\/td><\/tr><tr><td>12.12.2026<\/td><td>Khubsurat, Indisches Restaurant in Weiler<\/td><\/tr><\/tbody><\/table><\/figure>\n\n\n\n<p><\/p>\n\n\n\n<p>Anmerkung: Sollte ein Termin wegen Betriebsferien oder \u00c4hnlichem in eine andere Gastst\u00e4tte  verlegt werden m\u00fcssen, wird dies \u00fcber WhatsApp mitgeteilt.  <\/p>\n","protected":false},"excerpt":{"rendered":"<p>Um die Reservierung der Pl\u00e4tze zu gew\u00e4hrleisten und gut planen zu k\u00f6nnen, bitte wir darum, euch 7 Tage vorher zu unseren Stammtischen anzumelden. Gerne \u00fcber die WhatsApp-Gruppe &#8222;WPS&#8220; oder direkt &hellip; <\/p>\n<p class=\"link-more\"><a href=\"https:\/\/www.wps-tauchen.de\/?page_id=201\" class=\"more-link\"><span class=\"screen-reader-text\">\u201eStammtischtermine\u201c <\/span>weiterlesen<\/a><\/p>\n","protected":false},"author":1,"featured_media":0,"parent":40,"menu_order":0,"comment_status":"closed","ping_status":"closed","template":"","meta":{"ngg_post_thumbnail":0,"footnotes":""},"class_list":["post-201","page","type-page","status-publish","hentry"],"_links":{"self":[{"href":"https:\/\/www.wps-tauchen.de\/index.php?rest_route=\/wp\/v2\/pages\/201","targetHints":{"allow":["GET"]}}],"collection":[{"href":"https:\/\/www.wps-tauchen.de\/index.php?rest_route=\/wp\/v2\/pages"}],"about":[{"href":"https:\/\/www.wps-tauchen.de\/index.php?rest_route=\/wp\/v2\/types\/page"}],"author":[{"embeddable":true,"href":"https:\/\/www.wps-tauchen.de\/index.php?rest_route=\/wp\/v2\/users\/1"}],"replies":[{"embeddable":true,"href":"https:\/\/www.wps-tauchen.de\/index.php?rest_route=%2Fwp%2Fv2%2Fcomments&post=201"}],"version-history":[{"count":21,"href":"https:\/\/www.wps-tauchen.de\/index.php?rest_route=\/wp\/v2\/pages\/201\/revisions"}],"predecessor-version":[{"id":1825,"href":"https:\/\/www.wps-tauchen.de\/index.php?rest_route=\/wp\/v2\/pages\/201\/revisions\/1825"}],"up":[{"embeddable":true,"href":"https:\/\/www.wps-tauchen.de\/index.php?rest_route=\/wp\/v2\/pages\/40"}],"wp:attachment":[{"href":"https:\/\/www.wps-tauchen.de\/index.php?rest_route=%2Fwp%2Fv2%2Fmedia&parent=201"}],"curies":[{"name":"wp","href":"https:\/\/api.w.org\/{rel}","templated":true}]}}