{"id":30,"date":"2019-01-08T17:26:45","date_gmt":"2019-01-08T16:26:45","guid":{"rendered":"http:\/\/wps-tauchen.com\/?page_id=30"},"modified":"2025-12-15T09:20:24","modified_gmt":"2025-12-15T08:20:24","slug":"vereinsordnung","status":"publish","type":"page","link":"https:\/\/www.wps-tauchen.de\/?page_id=30","title":{"rendered":"Vereinsordnung"},"content":{"rendered":"\n<h3 class=\"wp-block-heading\">Vereinsordnung<\/h3>\n\n\n\n<p>1. Aufnahme<\/p>\n\n\n\n<p>1.1 Jedes Mitglied mit Ausnahme der passiven Mitglieder hat bei der Aufnahme eine \u00e4rztliche Tauchbescheinigung vorzulegen, die nicht \u00e4lter als 1 Jahr ist.<\/p>\n\n\n\n<p>2. Geb\u00fchren und Beitr\u00e4g<\/p>\n\n\n\n<p>2.1 Der j\u00e4hrliche Beitrag f\u00fcr aktive Mitglieder und Gastmitglieder betr\u00e4gt \u20ac 30,&#8211;. F\u00fcr passive Mitglieder und Jugendliche bis zur Vollendung des 18. Lebensjahres betr\u00e4gt der Beitrag \u20ac 15,&#8211;. Der Familienbeitrag betr\u00e4gt zwei volle Erwachsenenbeitr\u00e4ge, also \u20ac 60,&#8211;, die Kinder gehen frei.<\/p>\n\n\n\n<p>2.2 Der erste Beitrag erfolgt bis sp\u00e4testens 1 Monat nach der Gr\u00fcndungsversammlung, bzw. nach Vereinseintritt, per Bankeinzug. Alle weiteren Beitr\u00e4ge werden jeweils bis zum 10. Januar jeden Jahres eingezogen.<\/p>\n\n\n\n<p>3. Jugendordnung<\/p>\n\n\n\n<p>3.1  F\u00fcr den Eintritt von Jugendlichen ist die Zustimmung der Erziehungsberechtigten erforderlich.<\/p>\n\n\n\n<p>4. Haftung<\/p>\n\n\n\n<p>4.1  Der Verein \u00fcbernimmt keine Haftung gegen\u00fcber seiner Mitglieder.<\/p>\n\n\n\n<p>4.2  F\u00fcr eine g\u00fcltige \u00e4rztliche Tauchuntersuchung ist jedes Mitglied selbst verantwortlich.<\/p>\n\n\n\n<p>5. Technische Richtlinien<\/p>\n\n\n\n<p>5.1  Flaschenf\u00fcllung d\u00fcrfen nur von unterwiesenen Personen zur Kompressorbedienung durchgef\u00fchrt werden. Dies gilt nur f\u00fcr vereinseigene Flaschen und die der Mitglieder. Jede Tauchflasche wird mit einer Nummer versehen.<\/p>\n\n\n\n<p>5.2  F\u00fcr diese Kompressorf\u00fcllungen muss anhand der Flaschennummern Buch gef\u00fchrt werden.<\/p>\n\n\n\n<p>5.3  Die Tauchflaschen unterliegen einer st\u00e4ndigen technischen \u00dcberpr\u00fcfung. Diese wird durch den technischen Leiter \u00fcberwacht.<\/p>\n\n\n\n<p>5.4  Vereinseigene Ger\u00e4te, die einer technischen \u00dcberpr\u00fcfung unterliegen, sind ebenfalls durch den technischen Leiter zu \u00fcberwachen.<\/p>\n\n\n\n<p>5.5  Tauchflaschen, die den Druck von 30 Bar unterschreiten, d\u00fcrfen erst nach einer technischen Pr\u00fcfung gef\u00fcllt werden.<\/p>\n\n\n\n<p>5.6  Jedes Mitglied ist f\u00fcr seine eigene Ausr\u00fcstung selbst verantwortlich. (z.B. Revision, T\u00dcV)<\/p>\n\n\n\n<p>5.7  Der technische Leiter wird von der Vorstandschaft ernannt.<\/p>\n\n\n\n<p>5.8  Kompressor-, Wartungs- und Instandhaltungskosten sind vom Verein zu tragen und d\u00fcrfen nur vom speziell daf\u00fcr ausgebildeten Personal ausgef\u00fchrt werden, siehe F\u00fcllbuch.<\/p>\n\n\n\n<p>6. \u00c4nderungen<\/p>\n\n\n\n<p>6.1 Die Vereinsordnung kann nur von der Vorstandschaft ge\u00e4ndert werden.<\/p>\n\n\n\n<h3 class=\"wp-block-heading\">Internet<\/h3>\n\n\n\n<p><strong>Hinweis zu den Links auf unserer Website<\/strong><\/p>\n\n\n\n<p>Mit rechtsg\u00fcltigem Urteil vom 12. Mai 1998 &#8211; 312 O 85\/98 &#8211; &#8222;Haftung f\u00fcr Links&#8220; hat das Landgericht (LG) Hamburg entschieden, dass man durch die Erstellung bzw. Verf\u00fcgbarmachung eines Links, die Inhalte der jeweils gelinkten Seite gegebenenfalls mit zu verantworten hat.<\/p>\n\n\n\n<p>Dies kann &#8211; so das Gericht &#8211; nur dadurch verhindert werden, in dem sich die Autoren ausdr\u00fccklich von diesen Inhalten distanzieren. Da auch auf der Website von den Westallg\u00e4uer Pressluftschnapper e.V. zahlreiche Verlinkungen usw. zur Verf\u00fcgung stehen, wir jedoch keinerlei Einfluss auf die Gestaltung sowie die Inhalte der gelinkten Seiten haben, distanzieren wir uns hiermit ausdr\u00fccklich von den Inhalten s\u00e4mtlicher auf<\/p>\n\n\n\n<p><a href=\"http:\/\/www.wps-tauchen.de\">http:\/\/www.wps-tauchen.de<\/a><\/p>\n\n\n\n<p>zu findenden Links.<\/p>\n","protected":false},"excerpt":{"rendered":"<p>Vereinsordnung 1. Aufnahme 1.1 Jedes Mitglied mit Ausnahme der passiven Mitglieder hat bei der Aufnahme eine \u00e4rztliche Tauchbescheinigung vorzulegen, die nicht \u00e4lter als 1 Jahr ist. 2. Geb\u00fchren und Beitr\u00e4g &hellip; <\/p>\n<p class=\"link-more\"><a href=\"https:\/\/www.wps-tauchen.de\/?page_id=30\" class=\"more-link\"><span class=\"screen-reader-text\">\u201eVereinsordnung\u201c <\/span>weiterlesen<\/a><\/p>\n","protected":false},"author":1,"featured_media":0,"parent":11,"menu_order":0,"comment_status":"closed","ping_status":"closed","template":"","meta":{"ngg_post_thumbnail":0,"footnotes":""},"class_list":["post-30","page","type-page","status-publish","hentry"],"_links":{"self":[{"href":"https:\/\/www.wps-tauchen.de\/index.php?rest_route=\/wp\/v2\/pages\/30","targetHints":{"allow":["GET"]}}],"collection":[{"href":"https:\/\/www.wps-tauchen.de\/index.php?rest_route=\/wp\/v2\/pages"}],"about":[{"href":"https:\/\/www.wps-tauchen.de\/index.php?rest_route=\/wp\/v2\/types\/page"}],"author":[{"embeddable":true,"href":"https:\/\/www.wps-tauchen.de\/index.php?rest_route=\/wp\/v2\/users\/1"}],"replies":[{"embeddable":true,"href":"https:\/\/www.wps-tauchen.de\/index.php?rest_route=%2Fwp%2Fv2%2Fcomments&post=30"}],"version-history":[{"count":6,"href":"https:\/\/www.wps-tauchen.de\/index.php?rest_route=\/wp\/v2\/pages\/30\/revisions"}],"predecessor-version":[{"id":1827,"href":"https:\/\/www.wps-tauchen.de\/index.php?rest_route=\/wp\/v2\/pages\/30\/revisions\/1827"}],"up":[{"embeddable":true,"href":"https:\/\/www.wps-tauchen.de\/index.php?rest_route=\/wp\/v2\/pages\/11"}],"wp:attachment":[{"href":"https:\/\/www.wps-tauchen.de\/index.php?rest_route=%2Fwp%2Fv2%2Fmedia&parent=30"}],"curies":[{"name":"wp","href":"https:\/\/api.w.org\/{rel}","templated":true}]}}